{"id":1691,"date":"2017-01-11T16:22:32","date_gmt":"2017-01-11T21:22:32","guid":{"rendered":"http:\/\/briseboisextermination.com\/extermination-montreal-south-shore-exterminator-extermination\/"},"modified":"2022-12-19T02:45:42","modified_gmt":"2022-12-19T07:45:42","slug":"extermination-montreal-south-shore-exterminator-extermination","status":"publish","type":"page","link":"https:\/\/www.briseboisextermination.com\/en\/","title":{"rendered":"Extermination Montreal &#8211; South Shore | Exterminator, Extermination"},"content":{"rendered":"\n<img loading=\"lazy\" decoding=\"async\" src=\"https:\/\/www.briseboisextermination.com\/wp-content\/uploads\/2017\/01\/icon-pas-de-fourmis.png\" alt=\"exterminateur-fourmis\" itemprop=\"image\" height=\"206\" width=\"206\" title=\"icon-pas-de-fourmis\" onerror=\"this.style.display='none'\"> <img loading=\"lazy\" decoding=\"async\" src=\"https:\/\/www.briseboisextermination.com\/wp-content\/uploads\/2022\/09\/Untitled-design-41.png\" alt=\"Untitled design (41)\" itemprop=\"image\" height=\"500\" width=\"500\" title=\"Untitled design (41)\" onerror=\"this.style.display='none'\"> <img loading=\"lazy\" decoding=\"async\" src=\"https:\/\/www.briseboisextermination.com\/wp-content\/uploads\/2017\/01\/icon-pas-de-punaise-de-lit.png\" alt=\"Exterminateur punaises de lit\" itemprop=\"image\" height=\"206\" width=\"206\" title=\"icon-pas-de-punaise-de-lit\" onerror=\"this.style.display='none'\"> <p>SOLUTIONS EFFICACES EN GESTION PARASITAIRE<\/p> <p>CONTR\u00d4LE INT\u00c9RIEUR ET EXT\u00c9RIEUR<\/p> <h1>BRISEBOIS EXTERMINATION<\/h1> <p><strong>Depuis plus de 35 ans<\/strong>, nous offrons notre expertise comme exterminateur \u00e0 une client\u00e8le au niveau r\u00e9sidentiel, commercial et industriel.<\/p> <a href=\"tel:15145959140\" target=\"_self\" role=\"button\" rel=\"noopener\"> TELEPHONE ESTIMATE 514 595-9140 <\/a> <img loading=\"lazy\" decoding=\"async\" src=\"https:\/\/www.briseboisextermination.com\/wp-content\/uploads\/2017\/01\/icon-camion.png\" alt=\"Camion\" itemprop=\"image\" height=\"100\" width=\"280\" title=\"icon-camion\" onerror=\"this.style.display='none'\"> <h2> EXTERMINATEUR DANS TOUS LES SECTEURS DU GRAND MONTR\u00c9AL ET DE LA RIVE-SUD <\/h2> Vous avez des probl\u00e8mes d&#8217;<a href=\"https:\/\/www.briseboisextermination.com\/en\/insect-extermination-montreal-and-south-shore-insect-exterminator\/\">insectes<\/a>, vous cherchez comment \u00e9liminer les <a href=\"https:\/\/www.briseboisextermination.com\/en\/3-types-of-ants-problematic-in-the-greater-montreal-area\/\">fourmis charpenti\u00e8res<\/a> ou vous d\u00e9barasser des <a href=\"https:\/\/www.briseboisextermination.com\/en\/rodent-extermination\/\">rongeurs<\/a> ?<br> Vous \u00eates au bon endroit. Nous sommes des exterminateurs d&#8217;exp\u00e9rience et notre seul but est votre satisfaction. <p>Desservant le Grand Montr\u00e9al et la Rive-Sud, nous pr\u00e9conisons une approche personnalis\u00e9e. Suite au premier contact avec un de nos experts, chaque client conna\u00eet les solutions qui s&#8217;offrent \u00e0 lui selon sa situation particuli\u00e8re. Les questions d&#8217;ordre environnemental et de sant\u00e9 publique sont au c\u0153ur de nos pr\u00e9occupations afin de vous garantir s\u00e9curit\u00e9 et tranquillit\u00e9 d&#8217;esprit.<\/p> <img loading=\"lazy\" decoding=\"async\" src=\"https:\/\/www.briseboisextermination.com\/wp-content\/uploads\/2017\/01\/icon-elimination-araigne.png\" alt=\"Traitement contre les araign\u00e9es\" itemprop=\"image\" height=\"200\" width=\"200\" title=\"icon-elimination-araigne\" onerror=\"this.style.display='none'\"> <h3> EXTERMINATION INSECTES <\/h3> <img loading=\"lazy\" decoding=\"async\" src=\"https:\/\/www.briseboisextermination.com\/wp-content\/uploads\/2017\/01\/icon-traitement-4-saisons.png\" alt=\"Traitement contre les insecte 4 saisons\" itemprop=\"image\" height=\"200\" width=\"200\" title=\"icon-traitement-4-saisons\" onerror=\"this.style.display='none'\"> <h3> TRAITEMENT PR\u00c9VENTIF <\/h3> <img loading=\"lazy\" decoding=\"async\" src=\"https:\/\/www.briseboisextermination.com\/wp-content\/uploads\/2017\/01\/icon-capture-rongeurs.png\" alt=\"Contr\u00f4le des rongeurs\" itemprop=\"image\" height=\"200\" width=\"200\" title=\"icon-capture-rongeurs\" onerror=\"this.style.display='none'\"> <h3> CONTR\u00d4LE DES RONGEURS <\/h3> <p>BIEN PLUS QU&#8217;UN TRAITEMENT RAPIDE ET SUPERFICIEL:<\/p> <h2>UNE INTERVENTION COMPL\u00c8TE ET EFFICACE DE VOTRE EXTERMINATEUR<\/h2> <p>Traiter le probl\u00e8me lorsqu&#8217;il fait surface est essentiel, mais ce n&#8217;est qu&#8217;une partie de la solution. Plusieurs probl\u00e8mes d&#8217;infestation requi\u00e8rent un suivi serr\u00e9 et une intervention qui vont bien au-del\u00e0 de la simple capture ou du traitement initial. Chaque sp\u00e9cialiste qui se d\u00e9place \u00e0 votre domicile vous offre un service &#8220;cl\u00e9 en main&#8221; qui surpasse la plupart des solutions propos\u00e9es par les exterminateurs de quartier.<\/p> <h3>Rongeurs : Souris et rats<\/h3> <p>\u00cates-vous victime d&#8217;une intrusion de rongeurs tels que rats ou souris dans votre entre-toit ou sous-sol ?<\/p> <p>Ne vous inqui\u00e9tez pas outre mesure, ce sont des probl\u00e8mes r\u00e9pandus \u00e0 Montr\u00e9al et partout en Am\u00e9rique du Nord. Il est essentiel de capturer ces intrus pour \u00e9viter qu&#8217;ils ne causent des dommages au b\u00e2timent, cette solution est consid\u00e9r\u00e9e partielle, puisque ces bestioles auront t\u00f4t fait de revenir et s&#8217;installer de nouveau si le travail s&#8217;arr\u00eate la. C&#8217;est pourquoi nos techniciens en gestion parasitaire analysent la situation dans son ensemble et proposent un traitement d\u00e9finitif, qui aura comme but non seulement de traiter l&#8217;infestation actuelle, mais aussi de stopper toute intrusion future en trouvant et bloquant les lieux d&#8217;entr\u00e9e des rongeurs par exemple en proposant un calfeutrage adequat de votre demeure. Vous pourrez ainsi retrouver votre tranquilit\u00e9 d&#8217;esprit.<\/p> <h3>Probl\u00e8me d&#8217;insectes : fourmis charpenti\u00e8res et punaises de lit<\/h3> <p>Victime d&#8217;une infestation de fourmis charpenti\u00e8res ? Inquiet face \u00e0 la pr\u00e9sence de ce qui semble \u00eatre des punaises de lit dans votre chambre \u00e0 coucher ? Notre entreprise offre des traitements complets, des conseils pr\u00e9cis, et des traitements pr\u00e9ventifs qui peuvent r\u00e9duire de fa\u00e7on importante le risque de voir une colonie de fourmis charpenti\u00e8res ou des punaises de lit s&#8217;installer dans votre demeure.<\/p> <p>PARCE QUE VOUS AVEZ BESOIN D&#8217;UNE ENTREPRISE DE CONFIANCE :<\/p> <h2> POURQUOI CHOISIR BRISEBOIS EXTERMINATION ? <\/h2> <a href=\"https:\/\/www.briseboisextermination.com\/en\/our-company\/\" target=\"_self\" role=\"button\" rel=\"noopener\"> EN SAVOIR PLUS SUR L&#8217;ENTREPRISE <\/a> <h2> MEMBRE DES ASSOCIATIONS LES PLUS RECONNUES <\/h2> <a href=\"http:\/\/www.npmapestworld.org\/\" target=\"_self\" itemprop=\"url\" rel=\"noopener\"> <img loading=\"lazy\" decoding=\"async\" src=\"https:\/\/www.briseboisextermination.com\/wp-content\/uploads\/2017\/01\/npma-large.png\" alt=\"Logo Pest Management Association\" itemprop=\"image\" height=\"130\" width=\"408\" title=\"npma-large\" onerror=\"this.style.display='none'\"> <\/a> <a href=\"http:\/\/www.aqgp.ca\/\" target=\"_self\" itemprop=\"url\" rel=\"noopener\"> <img loading=\"lazy\" decoding=\"async\" src=\"https:\/\/www.briseboisextermination.com\/wp-content\/uploads\/2017\/01\/aqgp-large.png\" alt=\"Logo association Qu\u00e9b\u00e9coise de la Gestion Parasitaire\" itemprop=\"image\" height=\"130\" width=\"504\" title=\"aqgp-large\" onerror=\"this.style.display='none'\"> <\/a> <h2> MODES DE PAIEMENT ACCEPT\u00c9S <\/h2> <img loading=\"lazy\" decoding=\"async\" src=\"https:\/\/www.briseboisextermination.com\/wp-content\/uploads\/2017\/01\/visa-mastercard-interac.png\" alt=\"Carte de credit : Visa, mastercard, interac\" itemprop=\"image\" height=\"118\" width=\"620\" title=\"visa-mastercard-interac\" onerror=\"this.style.display='none'\"> <p>TOLL-FREE TELEPHONE ESTIMATE<\/p> <p><a href=\"tel:15145959140\">514 595-9140<\/a><\/p> <a href=\"https:\/\/www.briseboisextermination.com\/en\/contact-us\/\" target=\"_self\" role=\"button\" rel=\"noopener\"> CONTACT US NOW<\/a>\n","protected":false},"excerpt":{"rendered":"","protected":false},"author":2,"featured_media":0,"parent":0,"menu_order":0,"comment_status":"closed","ping_status":"closed","template":"","meta":{"footnotes":""},"class_list":["post-1691","page","type-page","status-publish"],"yoast_head":"<!-- This site is optimized with the Yoast SEO plugin v27.4 - https:\/\/yoast.com\/product\/yoast-seo-wordpress\/ -->\n<title>Brisebois Extermination - Greater Montreal - Experienced Exterminators<\/title>\n<meta name=\"description\" content=\"Experienced exterminators in the field. 80% of our clients receive a visit the same day they call. | Your exterminator has been serving local people for 30 years\" \/>\n<meta name=\"robots\" content=\"index, follow, max-snippet:-1, max-image-preview:large, max-video-preview:-1\" \/>\n<link rel=\"canonical\" href=\"https:\/\/www.briseboisextermination.com\/en\/\" \/>\n<meta property=\"og:locale\" content=\"en_US\" \/>\n<meta property=\"og:type\" content=\"article\" \/>\n<meta property=\"og:title\" content=\"Brisebois Extermination - Greater Montreal - Experienced Exterminators\" \/>\n<meta property=\"og:description\" content=\"Experienced exterminators in the field. 80% of our clients receive a visit the same day they call. | Your exterminator has been serving local people for 30 years\" \/>\n<meta property=\"og:url\" content=\"https:\/\/www.briseboisextermination.com\/en\/\" \/>\n<meta property=\"og:site_name\" content=\"Extermination Montr\u00e9al - Rive-Sud | Exterminateur, Extermination\" \/>\n<meta property=\"article:publisher\" content=\"https:\/\/www.facebook.com\/people\/Brisebois-Extermination\/100057201739584\/\" \/>\n<meta property=\"article:modified_time\" content=\"2022-12-19T07:45:42+00:00\" \/>\n<meta property=\"og:image\" content=\"https:\/\/www.briseboisextermination.com\/wp-content\/uploads\/2017\/01\/icon-pas-de-fourmis.png\" \/>\n<meta name=\"twitter:card\" content=\"summary_large_image\" \/>\n<meta name=\"twitter:label1\" content=\"Est. reading time\" \/>\n\t<meta name=\"twitter:data1\" content=\"5 minutes\" \/>\n<script type=\"application\/ld+json\" class=\"yoast-schema-graph\">{\"@context\":\"https:\\\/\\\/schema.org\",\"@graph\":[{\"@type\":\"WebPage\",\"@id\":\"https:\\\/\\\/www.briseboisextermination.com\\\/en\\\/\",\"url\":\"https:\\\/\\\/www.briseboisextermination.com\\\/en\\\/\",\"name\":\"Brisebois Extermination - Greater Montreal - Experienced Exterminators\",\"isPartOf\":{\"@id\":\"https:\\\/\\\/www.briseboisextermination.com\\\/en\\\/#website\"},\"primaryImageOfPage\":{\"@id\":\"https:\\\/\\\/www.briseboisextermination.com\\\/en\\\/#primaryimage\"},\"image\":{\"@id\":\"https:\\\/\\\/www.briseboisextermination.com\\\/en\\\/#primaryimage\"},\"thumbnailUrl\":\"https:\\\/\\\/www.briseboisextermination.com\\\/wp-content\\\/uploads\\\/2017\\\/01\\\/icon-pas-de-fourmis.png\",\"datePublished\":\"2017-01-11T21:22:32+00:00\",\"dateModified\":\"2022-12-19T07:45:42+00:00\",\"description\":\"Experienced exterminators in the field. 80% of our clients receive a visit the same day they call. | Your exterminator has been serving local people for 30 years\",\"breadcrumb\":{\"@id\":\"https:\\\/\\\/www.briseboisextermination.com\\\/en\\\/#breadcrumb\"},\"inLanguage\":\"en-US\",\"potentialAction\":[{\"@type\":\"ReadAction\",\"target\":[\"https:\\\/\\\/www.briseboisextermination.com\\\/en\\\/\"]}]},{\"@type\":\"ImageObject\",\"inLanguage\":\"en-US\",\"@id\":\"https:\\\/\\\/www.briseboisextermination.com\\\/en\\\/#primaryimage\",\"url\":\"https:\\\/\\\/www.briseboisextermination.com\\\/wp-content\\\/uploads\\\/2017\\\/01\\\/icon-pas-de-fourmis.png\",\"contentUrl\":\"https:\\\/\\\/www.briseboisextermination.com\\\/wp-content\\\/uploads\\\/2017\\\/01\\\/icon-pas-de-fourmis.png\"},{\"@type\":\"BreadcrumbList\",\"@id\":\"https:\\\/\\\/www.briseboisextermination.com\\\/en\\\/#breadcrumb\",\"itemListElement\":[{\"@type\":\"ListItem\",\"position\":1,\"name\":\"Accueil\",\"item\":\"https:\\\/\\\/www.briseboisextermination.com\\\/en\\\/extermination-montreal-south-shore-exterminator-extermination\\\/\"},{\"@type\":\"ListItem\",\"position\":2,\"name\":\"Extermination Montreal &#8211; South Shore | Exterminator, Extermination\"}]},{\"@type\":\"WebSite\",\"@id\":\"https:\\\/\\\/www.briseboisextermination.com\\\/en\\\/#website\",\"url\":\"https:\\\/\\\/www.briseboisextermination.com\\\/en\\\/\",\"name\":\"Extermination Montr\u00e9al - Rive-Sud | Exterminateur, Extermination\",\"description\":\"\",\"publisher\":{\"@id\":\"https:\\\/\\\/www.briseboisextermination.com\\\/en\\\/#organization\"},\"potentialAction\":[{\"@type\":\"SearchAction\",\"target\":{\"@type\":\"EntryPoint\",\"urlTemplate\":\"https:\\\/\\\/www.briseboisextermination.com\\\/en\\\/?s={search_term_string}\"},\"query-input\":{\"@type\":\"PropertyValueSpecification\",\"valueRequired\":true,\"valueName\":\"search_term_string\"}}],\"inLanguage\":\"en-US\"},{\"@type\":\"Organization\",\"@id\":\"https:\\\/\\\/www.briseboisextermination.com\\\/en\\\/#organization\",\"name\":\"Extermination Montr\u00e9al - Rive-Sud | Exterminateur, Extermination\",\"url\":\"https:\\\/\\\/www.briseboisextermination.com\\\/en\\\/\",\"logo\":{\"@type\":\"ImageObject\",\"inLanguage\":\"en-US\",\"@id\":\"https:\\\/\\\/www.briseboisextermination.com\\\/en\\\/#\\\/schema\\\/logo\\\/image\\\/\",\"url\":\"https:\\\/\\\/www.briseboisextermination.com\\\/wp-content\\\/uploads\\\/2017\\\/01\\\/brisebois-extermination-logo.png\",\"contentUrl\":\"https:\\\/\\\/www.briseboisextermination.com\\\/wp-content\\\/uploads\\\/2017\\\/01\\\/brisebois-extermination-logo.png\",\"width\":280,\"height\":68,\"caption\":\"Extermination Montr\u00e9al - Rive-Sud | Exterminateur, Extermination\"},\"image\":{\"@id\":\"https:\\\/\\\/www.briseboisextermination.com\\\/en\\\/#\\\/schema\\\/logo\\\/image\\\/\"},\"sameAs\":[\"https:\\\/\\\/www.facebook.com\\\/people\\\/Brisebois-Extermination\\\/100057201739584\\\/\"]}]}<\/script>\n<!-- \/ Yoast SEO plugin. -->","yoast_head_json":{"title":"Brisebois Extermination - Greater Montreal - Experienced Exterminators","description":"Experienced exterminators in the field. 80% of our clients receive a visit the same day they call. | Your exterminator has been serving local people for 30 years","robots":{"index":"index","follow":"follow","max-snippet":"max-snippet:-1","max-image-preview":"max-image-preview:large","max-video-preview":"max-video-preview:-1"},"canonical":"https:\/\/www.briseboisextermination.com\/en\/","og_locale":"en_US","og_type":"article","og_title":"Brisebois Extermination - Greater Montreal - Experienced Exterminators","og_description":"Experienced exterminators in the field. 80% of our clients receive a visit the same day they call. | Your exterminator has been serving local people for 30 years","og_url":"https:\/\/www.briseboisextermination.com\/en\/","og_site_name":"Extermination Montr\u00e9al - Rive-Sud | Exterminateur, Extermination","article_publisher":"https:\/\/www.facebook.com\/people\/Brisebois-Extermination\/100057201739584\/","article_modified_time":"2022-12-19T07:45:42+00:00","og_image":[{"url":"https:\/\/www.briseboisextermination.com\/wp-content\/uploads\/2017\/01\/icon-pas-de-fourmis.png","type":"","width":"","height":""}],"twitter_card":"summary_large_image","twitter_misc":{"Est. reading time":"5 minutes"},"schema":{"@context":"https:\/\/schema.org","@graph":[{"@type":"WebPage","@id":"https:\/\/www.briseboisextermination.com\/en\/","url":"https:\/\/www.briseboisextermination.com\/en\/","name":"Brisebois Extermination - Greater Montreal - Experienced Exterminators","isPartOf":{"@id":"https:\/\/www.briseboisextermination.com\/en\/#website"},"primaryImageOfPage":{"@id":"https:\/\/www.briseboisextermination.com\/en\/#primaryimage"},"image":{"@id":"https:\/\/www.briseboisextermination.com\/en\/#primaryimage"},"thumbnailUrl":"https:\/\/www.briseboisextermination.com\/wp-content\/uploads\/2017\/01\/icon-pas-de-fourmis.png","datePublished":"2017-01-11T21:22:32+00:00","dateModified":"2022-12-19T07:45:42+00:00","description":"Experienced exterminators in the field. 80% of our clients receive a visit the same day they call. | Your exterminator has been serving local people for 30 years","breadcrumb":{"@id":"https:\/\/www.briseboisextermination.com\/en\/#breadcrumb"},"inLanguage":"en-US","potentialAction":[{"@type":"ReadAction","target":["https:\/\/www.briseboisextermination.com\/en\/"]}]},{"@type":"ImageObject","inLanguage":"en-US","@id":"https:\/\/www.briseboisextermination.com\/en\/#primaryimage","url":"https:\/\/www.briseboisextermination.com\/wp-content\/uploads\/2017\/01\/icon-pas-de-fourmis.png","contentUrl":"https:\/\/www.briseboisextermination.com\/wp-content\/uploads\/2017\/01\/icon-pas-de-fourmis.png"},{"@type":"BreadcrumbList","@id":"https:\/\/www.briseboisextermination.com\/en\/#breadcrumb","itemListElement":[{"@type":"ListItem","position":1,"name":"Accueil","item":"https:\/\/www.briseboisextermination.com\/en\/extermination-montreal-south-shore-exterminator-extermination\/"},{"@type":"ListItem","position":2,"name":"Extermination Montreal &#8211; South Shore | Exterminator, Extermination"}]},{"@type":"WebSite","@id":"https:\/\/www.briseboisextermination.com\/en\/#website","url":"https:\/\/www.briseboisextermination.com\/en\/","name":"Extermination Montr\u00e9al - Rive-Sud | Exterminateur, Extermination","description":"","publisher":{"@id":"https:\/\/www.briseboisextermination.com\/en\/#organization"},"potentialAction":[{"@type":"SearchAction","target":{"@type":"EntryPoint","urlTemplate":"https:\/\/www.briseboisextermination.com\/en\/?s={search_term_string}"},"query-input":{"@type":"PropertyValueSpecification","valueRequired":true,"valueName":"search_term_string"}}],"inLanguage":"en-US"},{"@type":"Organization","@id":"https:\/\/www.briseboisextermination.com\/en\/#organization","name":"Extermination Montr\u00e9al - Rive-Sud | Exterminateur, Extermination","url":"https:\/\/www.briseboisextermination.com\/en\/","logo":{"@type":"ImageObject","inLanguage":"en-US","@id":"https:\/\/www.briseboisextermination.com\/en\/#\/schema\/logo\/image\/","url":"https:\/\/www.briseboisextermination.com\/wp-content\/uploads\/2017\/01\/brisebois-extermination-logo.png","contentUrl":"https:\/\/www.briseboisextermination.com\/wp-content\/uploads\/2017\/01\/brisebois-extermination-logo.png","width":280,"height":68,"caption":"Extermination Montr\u00e9al - Rive-Sud | Exterminateur, Extermination"},"image":{"@id":"https:\/\/www.briseboisextermination.com\/en\/#\/schema\/logo\/image\/"},"sameAs":["https:\/\/www.facebook.com\/people\/Brisebois-Extermination\/100057201739584\/"]}]}},"_links":{"self":[{"href":"https:\/\/www.briseboisextermination.com\/en\/wp-json\/wp\/v2\/pages\/1691","targetHints":{"allow":["GET"]}}],"collection":[{"href":"https:\/\/www.briseboisextermination.com\/en\/wp-json\/wp\/v2\/pages"}],"about":[{"href":"https:\/\/www.briseboisextermination.com\/en\/wp-json\/wp\/v2\/types\/page"}],"author":[{"embeddable":true,"href":"https:\/\/www.briseboisextermination.com\/en\/wp-json\/wp\/v2\/users\/2"}],"replies":[{"embeddable":true,"href":"https:\/\/www.briseboisextermination.com\/en\/wp-json\/wp\/v2\/comments?post=1691"}],"version-history":[{"count":5,"href":"https:\/\/www.briseboisextermination.com\/en\/wp-json\/wp\/v2\/pages\/1691\/revisions"}],"predecessor-version":[{"id":1824,"href":"https:\/\/www.briseboisextermination.com\/en\/wp-json\/wp\/v2\/pages\/1691\/revisions\/1824"}],"wp:attachment":[{"href":"https:\/\/www.briseboisextermination.com\/en\/wp-json\/wp\/v2\/media?parent=1691"}],"curies":[{"name":"wp","href":"https:\/\/api.w.org\/{rel}","templated":true}]}}