{"id":1690,"date":"2017-01-12T10:53:11","date_gmt":"2017-01-12T15:53:11","guid":{"rendered":"http:\/\/briseboisextermination.com\/our-company\/"},"modified":"2023-12-19T12:34:14","modified_gmt":"2023-12-19T17:34:14","slug":"our-company","status":"publish","type":"page","link":"https:\/\/www.briseboisextermination.com\/en\/our-company\/","title":{"rendered":"Our company"},"content":{"rendered":"\r\n<h2>La diff\u00e9rence Brisebois Extermination<\/h2>\r\n<h3>Estimation en 2 minutes<\/h3>\r\n<p>Obtenez une estimation en 2 minutes par t\u00e9l\u00e9phone. Nous respectons notre estimation, aucune surprise une fois arriv\u00e9s sur place.<\/p>\r\n<h3>Intervention rapide<\/h3>\r\n<p>80\u00a0% de nos clients re\u00e7oivent la visite d&#8217;un de nos techniciens la journ\u00e9e m\u00eame de leur appel.<\/p>\r\n<h3>Garantie et tarif<\/h3>\r\n<p>Une garantie \u00e0 long terme au meilleur prix. Nous accordons une grande importance \u00e0 la satisfaction de nos clients, ainsi chaque garantie est mise par \u00e9crit.<\/p>\r\n<h2>Historique<\/h2>\r\n<p>\u0152uvrant dans le domaine de la gestion parasitaire depuis plus de 30\u00a0ans, l\u2019expertise d\u00e9velopp\u00e9e au fil des ann\u00e9es garantit des r\u00e9sultats concrets et rapides. Membre de l\u2019Association qu\u00e9b\u00e9coise de la gestion parasitaire (AQGP), Brisebois Extermination Inc. est une entreprise qui se distingue tant par la qualit\u00e9 de ses services, la formation de ses techniciens \u00e0 la fine pointe de la technologie que par ses m\u00e9thodes d&#8217;intervention novatrices afin d\u2019offrir des traitements parasitaires conformes aux lois et r\u00e8glements f\u00e9d\u00e9raux et provinciaux r\u00e9gissant ce secteur d\u2019activit\u00e9.<\/p>\r\n<p><img loading=\"lazy\" decoding=\"async\" title=\"camion-extermination-brisebois\" src=\"https:\/\/www.briseboisextermination.com\/wp-content\/uploads\/2017\/01\/camion-extermination-brisebois-2.jpg\" alt=\"Camion blanc non identifi\u00e9\" width=\"600\" height=\"335\" \/><\/p>\r\n<h2>Une attention particuli\u00e8re<\/h2>\r\n<p>Desservant le Grand Montr\u00e9al et la Rive-Sud, nous pr\u00e9conisons avant tout une approche personnalis\u00e9e. D\u00e8s le premier contact, chaque client sait quelles solutions s\u2019offrent \u00e0 lui selon sa situation particuli\u00e8re. Les questions d\u2019ordre environnemental et de sant\u00e9 publique sont au c\u0153ur de nos pr\u00e9occupations afin de vous garantir s\u00e9curit\u00e9 et tranquillit\u00e9 d\u2019esprit.<\/p>\r\n<h2>Notre mission<\/h2>\r\n<p>Notre mission est de favoriser une approche directe et individualis\u00e9e afin d\u2019offrir \u00e0 notre client\u00e8le des r\u00e9ponses et des solutions imm\u00e9diates d\u00e8s le premier contact. Certaines <a href=\"https:\/\/www.briseboisextermination.com\/en\/bedbugs-detection-and-solutions\/\">interventions pour les punaises de lit<\/a> ou traitement contre les fourmis charpenti\u00e8res n\u00e9cessitent un suivit rigoureux dans le respect de notre client\u00e8le. Nous offrons des services de qualit\u00e9 \u00e0 des prix comp\u00e9titifs en toute s\u00e9curit\u00e9 environnementale et d\u2019hygi\u00e8ne publique.<\/p>\r\n<p>Actif depuis plus de 30\u00a0ans, nous avons effectu\u00e9\u00a0des milliers\u00a0d\u2019inspections, de traitements, d&#8217;extermination et de contr\u00f4les d&#8217;animaux sauvages et\u00a0offrons nos services dans la grande r\u00e9gion de Montr\u00e9al et sur la Rive-Sud.<\/p>\r\n<p><a role=\"button\" href=\"https:\/\/www.briseboisextermination.com\/en\/exterminator-by-sector-exterminator-montreal-south-shore\/\" target=\"_self\" rel=\"noopener noreferrer\"> Liste des villes couvertes par nos experts en extermination <\/a><\/p>\r\n","protected":false},"excerpt":{"rendered":"","protected":false},"author":2,"featured_media":0,"parent":0,"menu_order":0,"comment_status":"closed","ping_status":"closed","template":"","meta":{"footnotes":""},"class_list":["post-1690","page","type-page","status-publish"],"yoast_head":"<!-- This site is optimized with the Yoast SEO plugin v27.2 - https:\/\/yoast.com\/product\/yoast-seo-wordpress\/ -->\n<title>Our company<\/title>\n<meta name=\"description\" content=\"Learn more about the team at Brisebois Extermination, a pest management company established for over 30 years that covers the Montreal area\" \/>\n<meta name=\"robots\" content=\"index, follow, max-snippet:-1, max-image-preview:large, max-video-preview:-1\" \/>\n<link rel=\"canonical\" href=\"https:\/\/www.briseboisextermination.com\/en\/our-company\/\" \/>\n<meta property=\"og:locale\" content=\"en_US\" \/>\n<meta property=\"og:type\" content=\"article\" \/>\n<meta property=\"og:title\" content=\"Our company\" \/>\n<meta property=\"og:description\" content=\"Learn more about the team at Brisebois Extermination, a pest management company established for over 30 years that covers the Montreal area\" \/>\n<meta property=\"og:url\" content=\"https:\/\/www.briseboisextermination.com\/en\/our-company\/\" \/>\n<meta property=\"og:site_name\" content=\"Extermination Montr\u00e9al - Rive-Sud | Exterminateur, Extermination\" \/>\n<meta property=\"article:publisher\" content=\"https:\/\/www.facebook.com\/people\/Brisebois-Extermination\/100057201739584\/\" \/>\n<meta property=\"article:modified_time\" content=\"2023-12-19T17:34:14+00:00\" \/>\n<meta property=\"og:image\" content=\"https:\/\/www.briseboisextermination.com\/wp-content\/uploads\/2017\/01\/camion-extermination-brisebois-2.jpg\" \/>\n<meta name=\"twitter:card\" content=\"summary_large_image\" \/>\n<meta name=\"twitter:label1\" content=\"Est. reading time\" \/>\n\t<meta name=\"twitter:data1\" content=\"2 minutes\" \/>\n<script type=\"application\/ld+json\" class=\"yoast-schema-graph\">{\"@context\":\"https:\/\/schema.org\",\"@graph\":[{\"@type\":\"WebPage\",\"@id\":\"https:\/\/www.briseboisextermination.com\/en\/our-company\/\",\"url\":\"https:\/\/www.briseboisextermination.com\/en\/our-company\/\",\"name\":\"Our company\",\"isPartOf\":{\"@id\":\"https:\/\/www.briseboisextermination.com\/en\/#website\"},\"primaryImageOfPage\":{\"@id\":\"https:\/\/www.briseboisextermination.com\/en\/our-company\/#primaryimage\"},\"image\":{\"@id\":\"https:\/\/www.briseboisextermination.com\/en\/our-company\/#primaryimage\"},\"thumbnailUrl\":\"https:\/\/www.briseboisextermination.com\/wp-content\/uploads\/2017\/01\/camion-extermination-brisebois-2.jpg\",\"datePublished\":\"2017-01-12T15:53:11+00:00\",\"dateModified\":\"2023-12-19T17:34:14+00:00\",\"description\":\"Learn more about the team at Brisebois Extermination, a pest management company established for over 30 years that covers the Montreal area\",\"breadcrumb\":{\"@id\":\"https:\/\/www.briseboisextermination.com\/en\/our-company\/#breadcrumb\"},\"inLanguage\":\"en-US\",\"potentialAction\":[{\"@type\":\"ReadAction\",\"target\":[\"https:\/\/www.briseboisextermination.com\/en\/our-company\/\"]}]},{\"@type\":\"ImageObject\",\"inLanguage\":\"en-US\",\"@id\":\"https:\/\/www.briseboisextermination.com\/en\/our-company\/#primaryimage\",\"url\":\"https:\/\/www.briseboisextermination.com\/wp-content\/uploads\/2017\/01\/camion-extermination-brisebois-2.jpg\",\"contentUrl\":\"https:\/\/www.briseboisextermination.com\/wp-content\/uploads\/2017\/01\/camion-extermination-brisebois-2.jpg\"},{\"@type\":\"BreadcrumbList\",\"@id\":\"https:\/\/www.briseboisextermination.com\/en\/our-company\/#breadcrumb\",\"itemListElement\":[{\"@type\":\"ListItem\",\"position\":1,\"name\":\"Accueil\",\"item\":\"https:\/\/www.briseboisextermination.com\/en\/extermination-montreal-south-shore-exterminator-extermination\/\"},{\"@type\":\"ListItem\",\"position\":2,\"name\":\"Our company\"}]},{\"@type\":\"WebSite\",\"@id\":\"https:\/\/www.briseboisextermination.com\/en\/#website\",\"url\":\"https:\/\/www.briseboisextermination.com\/en\/\",\"name\":\"Extermination Montr\u00e9al - Rive-Sud | Exterminateur, Extermination\",\"description\":\"\",\"publisher\":{\"@id\":\"https:\/\/www.briseboisextermination.com\/en\/#organization\"},\"potentialAction\":[{\"@type\":\"SearchAction\",\"target\":{\"@type\":\"EntryPoint\",\"urlTemplate\":\"https:\/\/www.briseboisextermination.com\/en\/?s={search_term_string}\"},\"query-input\":{\"@type\":\"PropertyValueSpecification\",\"valueRequired\":true,\"valueName\":\"search_term_string\"}}],\"inLanguage\":\"en-US\"},{\"@type\":\"Organization\",\"@id\":\"https:\/\/www.briseboisextermination.com\/en\/#organization\",\"name\":\"Extermination Montr\u00e9al - Rive-Sud | Exterminateur, Extermination\",\"url\":\"https:\/\/www.briseboisextermination.com\/en\/\",\"logo\":{\"@type\":\"ImageObject\",\"inLanguage\":\"en-US\",\"@id\":\"https:\/\/www.briseboisextermination.com\/en\/#\/schema\/logo\/image\/\",\"url\":\"https:\/\/www.briseboisextermination.com\/wp-content\/uploads\/2017\/01\/brisebois-extermination-logo.png\",\"contentUrl\":\"https:\/\/www.briseboisextermination.com\/wp-content\/uploads\/2017\/01\/brisebois-extermination-logo.png\",\"width\":280,\"height\":68,\"caption\":\"Extermination Montr\u00e9al - Rive-Sud | Exterminateur, Extermination\"},\"image\":{\"@id\":\"https:\/\/www.briseboisextermination.com\/en\/#\/schema\/logo\/image\/\"},\"sameAs\":[\"https:\/\/www.facebook.com\/people\/Brisebois-Extermination\/100057201739584\/\"]}]}<\/script>\n<!-- \/ Yoast SEO plugin. -->","yoast_head_json":{"title":"Our company","description":"Learn more about the team at Brisebois Extermination, a pest management company established for over 30 years that covers the Montreal area","robots":{"index":"index","follow":"follow","max-snippet":"max-snippet:-1","max-image-preview":"max-image-preview:large","max-video-preview":"max-video-preview:-1"},"canonical":"https:\/\/www.briseboisextermination.com\/en\/our-company\/","og_locale":"en_US","og_type":"article","og_title":"Our company","og_description":"Learn more about the team at Brisebois Extermination, a pest management company established for over 30 years that covers the Montreal area","og_url":"https:\/\/www.briseboisextermination.com\/en\/our-company\/","og_site_name":"Extermination Montr\u00e9al - Rive-Sud | Exterminateur, Extermination","article_publisher":"https:\/\/www.facebook.com\/people\/Brisebois-Extermination\/100057201739584\/","article_modified_time":"2023-12-19T17:34:14+00:00","og_image":[{"url":"https:\/\/www.briseboisextermination.com\/wp-content\/uploads\/2017\/01\/camion-extermination-brisebois-2.jpg","type":"","width":"","height":""}],"twitter_card":"summary_large_image","twitter_misc":{"Est. reading time":"2 minutes"},"schema":{"@context":"https:\/\/schema.org","@graph":[{"@type":"WebPage","@id":"https:\/\/www.briseboisextermination.com\/en\/our-company\/","url":"https:\/\/www.briseboisextermination.com\/en\/our-company\/","name":"Our company","isPartOf":{"@id":"https:\/\/www.briseboisextermination.com\/en\/#website"},"primaryImageOfPage":{"@id":"https:\/\/www.briseboisextermination.com\/en\/our-company\/#primaryimage"},"image":{"@id":"https:\/\/www.briseboisextermination.com\/en\/our-company\/#primaryimage"},"thumbnailUrl":"https:\/\/www.briseboisextermination.com\/wp-content\/uploads\/2017\/01\/camion-extermination-brisebois-2.jpg","datePublished":"2017-01-12T15:53:11+00:00","dateModified":"2023-12-19T17:34:14+00:00","description":"Learn more about the team at Brisebois Extermination, a pest management company established for over 30 years that covers the Montreal area","breadcrumb":{"@id":"https:\/\/www.briseboisextermination.com\/en\/our-company\/#breadcrumb"},"inLanguage":"en-US","potentialAction":[{"@type":"ReadAction","target":["https:\/\/www.briseboisextermination.com\/en\/our-company\/"]}]},{"@type":"ImageObject","inLanguage":"en-US","@id":"https:\/\/www.briseboisextermination.com\/en\/our-company\/#primaryimage","url":"https:\/\/www.briseboisextermination.com\/wp-content\/uploads\/2017\/01\/camion-extermination-brisebois-2.jpg","contentUrl":"https:\/\/www.briseboisextermination.com\/wp-content\/uploads\/2017\/01\/camion-extermination-brisebois-2.jpg"},{"@type":"BreadcrumbList","@id":"https:\/\/www.briseboisextermination.com\/en\/our-company\/#breadcrumb","itemListElement":[{"@type":"ListItem","position":1,"name":"Accueil","item":"https:\/\/www.briseboisextermination.com\/en\/extermination-montreal-south-shore-exterminator-extermination\/"},{"@type":"ListItem","position":2,"name":"Our company"}]},{"@type":"WebSite","@id":"https:\/\/www.briseboisextermination.com\/en\/#website","url":"https:\/\/www.briseboisextermination.com\/en\/","name":"Extermination Montr\u00e9al - Rive-Sud | Exterminateur, Extermination","description":"","publisher":{"@id":"https:\/\/www.briseboisextermination.com\/en\/#organization"},"potentialAction":[{"@type":"SearchAction","target":{"@type":"EntryPoint","urlTemplate":"https:\/\/www.briseboisextermination.com\/en\/?s={search_term_string}"},"query-input":{"@type":"PropertyValueSpecification","valueRequired":true,"valueName":"search_term_string"}}],"inLanguage":"en-US"},{"@type":"Organization","@id":"https:\/\/www.briseboisextermination.com\/en\/#organization","name":"Extermination Montr\u00e9al - Rive-Sud | Exterminateur, Extermination","url":"https:\/\/www.briseboisextermination.com\/en\/","logo":{"@type":"ImageObject","inLanguage":"en-US","@id":"https:\/\/www.briseboisextermination.com\/en\/#\/schema\/logo\/image\/","url":"https:\/\/www.briseboisextermination.com\/wp-content\/uploads\/2017\/01\/brisebois-extermination-logo.png","contentUrl":"https:\/\/www.briseboisextermination.com\/wp-content\/uploads\/2017\/01\/brisebois-extermination-logo.png","width":280,"height":68,"caption":"Extermination Montr\u00e9al - Rive-Sud | Exterminateur, Extermination"},"image":{"@id":"https:\/\/www.briseboisextermination.com\/en\/#\/schema\/logo\/image\/"},"sameAs":["https:\/\/www.facebook.com\/people\/Brisebois-Extermination\/100057201739584\/"]}]}},"_links":{"self":[{"href":"https:\/\/www.briseboisextermination.com\/en\/wp-json\/wp\/v2\/pages\/1690","targetHints":{"allow":["GET"]}}],"collection":[{"href":"https:\/\/www.briseboisextermination.com\/en\/wp-json\/wp\/v2\/pages"}],"about":[{"href":"https:\/\/www.briseboisextermination.com\/en\/wp-json\/wp\/v2\/types\/page"}],"author":[{"embeddable":true,"href":"https:\/\/www.briseboisextermination.com\/en\/wp-json\/wp\/v2\/users\/2"}],"replies":[{"embeddable":true,"href":"https:\/\/www.briseboisextermination.com\/en\/wp-json\/wp\/v2\/comments?post=1690"}],"version-history":[{"count":3,"href":"https:\/\/www.briseboisextermination.com\/en\/wp-json\/wp\/v2\/pages\/1690\/revisions"}],"predecessor-version":[{"id":2139,"href":"https:\/\/www.briseboisextermination.com\/en\/wp-json\/wp\/v2\/pages\/1690\/revisions\/2139"}],"wp:attachment":[{"href":"https:\/\/www.briseboisextermination.com\/en\/wp-json\/wp\/v2\/media?parent=1690"}],"curies":[{"name":"wp","href":"https:\/\/api.w.org\/{rel}","templated":true}]}}